{"id":339,"date":"2024-05-07T15:47:43","date_gmt":"2024-05-07T13:47:43","guid":{"rendered":"http:\/\/localhost\/Chaire%20UNESCO%20DPHD\/?page_id=339"},"modified":"2024-06-05T10:46:05","modified_gmt":"2024-06-05T08:46:05","slug":"galerie-multimedia","status":"publish","type":"page","link":"https:\/\/chaire.kasdigit.com\/index.php\/galerie-multimedia\/","title":{"rendered":"Galerie multim\u00e9dia"},"content":{"rendered":"\t\t<div data-elementor-type=\"wp-page\" data-elementor-id=\"339\" class=\"elementor elementor-339\" data-elementor-settings=\"{&quot;ha_cmc_init_switcher&quot;:&quot;no&quot;}\" data-elementor-post-type=\"page\">\n\t\t\t\t<div class=\"elementor-element elementor-element-6303fb2 e-con-full e-flex wpr-particle-no wpr-jarallax-no wpr-parallax-no wpr-sticky-section-no e-con e-parent\" data-id=\"6303fb2\" data-element_type=\"container\" data-settings=\"{&quot;background_background&quot;:&quot;slideshow&quot;,&quot;background_slideshow_gallery&quot;:[{&quot;id&quot;:814,&quot;url&quot;:&quot;http:\\\/\\\/localhost\\\/Chaire%20UNESCO%20DPHD\\\/wp-content\\\/uploads\\\/2024\\\/05\\\/bg-1.png&quot;}],&quot;background_slideshow_loop&quot;:&quot;yes&quot;,&quot;background_slideshow_slide_duration&quot;:5000,&quot;background_slideshow_slide_transition&quot;:&quot;fade&quot;,&quot;background_slideshow_transition_duration&quot;:500,&quot;_ha_eqh_enable&quot;:false}\">\n\t\t<div class=\"elementor-element elementor-element-83ec3e1 e-flex e-con-boxed wpr-particle-no wpr-jarallax-no wpr-parallax-no wpr-sticky-section-no e-con e-child\" data-id=\"83ec3e1\" data-element_type=\"container\" data-settings=\"{&quot;background_background&quot;:&quot;classic&quot;,&quot;_ha_eqh_enable&quot;:false}\">\n\t\t\t\t\t<div class=\"e-con-inner\">\n\t\t\t\t<div class=\"elementor-element elementor-element-958ebcd elementor-widget elementor-widget-heading\" data-id=\"958ebcd\" data-element_type=\"widget\" data-widget_type=\"heading.default\">\n\t\t\t\t<div class=\"elementor-widget-container\">\n\t\t\t\t\t<h1 class=\"elementor-heading-title elementor-size-default\">Galerie multim\u00e9dia<\/h1>\t\t\t\t<\/div>\n\t\t\t\t<\/div>\n\t\t\t\t\t<\/div>\n\t\t\t\t<\/div>\n\t\t\t\t<\/div>\n\t\t\t\t<section class=\"elementor-section elementor-top-section elementor-element elementor-element-484c5cea elementor-section-boxed elementor-section-height-default elementor-section-height-default wpr-particle-no wpr-jarallax-no wpr-parallax-no wpr-sticky-section-no\" data-id=\"484c5cea\" data-element_type=\"section\" data-settings=\"{&quot;background_background&quot;:&quot;classic&quot;,&quot;_ha_eqh_enable&quot;:false}\">\n\t\t\t\t\t\t<div class=\"elementor-container elementor-column-gap-default\">\n\t\t\t\t\t<div class=\"elementor-column elementor-col-100 elementor-top-column elementor-element elementor-element-416684ad\" data-id=\"416684ad\" data-element_type=\"column\">\n\t\t\t<div class=\"elementor-widget-wrap elementor-element-populated\">\n\t\t\t\t\t\t<div class=\"elementor-element elementor-element-0914a0b elementor-invisible elementor-widget elementor-widget-heading\" data-id=\"0914a0b\" data-element_type=\"widget\" data-settings=\"{&quot;_animation&quot;:&quot;bounceIn&quot;}\" data-widget_type=\"heading.default\">\n\t\t\t\t<div class=\"elementor-widget-container\">\n\t\t\t\t\t<h2 class=\"elementor-heading-title elementor-size-default\">Retrouvez ici toutes les images, vid\u00e9os et autres \u00e9l\u00e9ments m\u00e9dias issus des activit\u00e9s de la Chaire UNESCO<\/h2>\t\t\t\t<\/div>\n\t\t\t\t<\/div>\n\t\t\t\t<div class=\"elementor-element elementor-element-671d9163 ha-image-grid--masonry elementor-invisible elementor-widget elementor-widget-ha-image-grid happy-addon ha-image-grid\" data-id=\"671d9163\" data-element_type=\"widget\" data-settings=\"{&quot;_animation&quot;:&quot;bounce&quot;,&quot;layout&quot;:&quot;masonry&quot;,&quot;enable_popup&quot;:&quot;yes&quot;}\" data-widget_type=\"ha-image-grid.default\">\n\t\t\t\t<div class=\"elementor-widget-container\">\n\t\t\t\t\t\t\t\t<div class=\"ha-filter hajs-filter\" data-default-filter=\"*\" role=\"navigation\" aria-label=\"Gallery filter\">\n\t\t\t\t\t\t\t\t\t<button class=\"ha-filter__item\" type=\"button\" data-filter=\"*\">All<\/button><\/li>\n\t\t\t\t\t\t\t\t\t\t\t\t\t<button class=\"ha-filter__item\" type=\"button\" data-filter=\".__fltr-1\">Images<\/button><\/li>\n\t\t\t\t\t\t\t\t\t<button class=\"ha-filter__item\" type=\"button\" data-filter=\".__fltr-2\">Galeries<\/button><\/li>\n\t\t\t\t\t\t\t\t\t<button class=\"ha-filter__item\" type=\"button\" data-filter=\".__fltr-3\">Audios<\/button><\/li>\n\t\t\t\t\t\t\t<\/div>\n\t\t\n\t\t<div class=\"ha-image-grid__wrap hajs-isotope ha-lightbox--has\">\n\t\t\t\t\t\t\t\n\t\t\t\t<a href=\"#\" data-mfp-src=\"https:\/\/chaire.kasdigit.com\/wp-content\/uploads\/2024\/05\/400x300_95_1_c_FFFFFF_65beba3023aca88eab9866f65453fb9f.jpg\" class=\"ha-image-grid__item ha-js-lightbox __fltr-1\">\n\t\t\t\t\t<img fetchpriority=\"high\" decoding=\"async\" width=\"400\" height=\"300\" src=\"https:\/\/chaire.kasdigit.com\/wp-content\/uploads\/2024\/05\/400x300_95_1_c_FFFFFF_65beba3023aca88eab9866f65453fb9f.jpg\" class=\"elementor-animation-grow\" alt=\"\" srcset=\"https:\/\/chaire.kasdigit.com\/wp-content\/uploads\/2024\/05\/400x300_95_1_c_FFFFFF_65beba3023aca88eab9866f65453fb9f.jpg 400w, https:\/\/chaire.kasdigit.com\/wp-content\/uploads\/2024\/05\/400x300_95_1_c_FFFFFF_65beba3023aca88eab9866f65453fb9f-300x225.jpg 300w\" sizes=\"(max-width: 400px) 100vw, 400px\" \/>\t\t\t\t<\/a>\n\t\t\t\t\t\t\t\n\t\t\t\t<a href=\"#\" data-mfp-src=\"https:\/\/chaire.kasdigit.com\/wp-content\/uploads\/2024\/05\/400x300_95_1_c_FFFFFF_2c5e75c1a18673ec3ece06a6e1cdfea5.jpg\" class=\"ha-image-grid__item ha-js-lightbox __fltr-1\">\n\t\t\t\t\t<img decoding=\"async\" width=\"400\" height=\"300\" src=\"https:\/\/chaire.kasdigit.com\/wp-content\/uploads\/2024\/05\/400x300_95_1_c_FFFFFF_2c5e75c1a18673ec3ece06a6e1cdfea5.jpg\" class=\"elementor-animation-grow\" alt=\"\" srcset=\"https:\/\/chaire.kasdigit.com\/wp-content\/uploads\/2024\/05\/400x300_95_1_c_FFFFFF_2c5e75c1a18673ec3ece06a6e1cdfea5.jpg 400w, https:\/\/chaire.kasdigit.com\/wp-content\/uploads\/2024\/05\/400x300_95_1_c_FFFFFF_2c5e75c1a18673ec3ece06a6e1cdfea5-300x225.jpg 300w\" sizes=\"(max-width: 400px) 100vw, 400px\" \/>\t\t\t\t<\/a>\n\t\t\t\t\t\t\t\n\t\t\t\t<a href=\"#\" data-mfp-src=\"https:\/\/chaire.kasdigit.com\/wp-content\/uploads\/2024\/05\/400x300_95_1_c_FFFFFF_5b5a32edee1d33896fa317ea9162f84b.jpg\" class=\"ha-image-grid__item ha-js-lightbox __fltr-1\">\n\t\t\t\t\t<img decoding=\"async\" width=\"400\" height=\"300\" src=\"https:\/\/chaire.kasdigit.com\/wp-content\/uploads\/2024\/05\/400x300_95_1_c_FFFFFF_5b5a32edee1d33896fa317ea9162f84b.jpg\" class=\"elementor-animation-grow\" alt=\"\" srcset=\"https:\/\/chaire.kasdigit.com\/wp-content\/uploads\/2024\/05\/400x300_95_1_c_FFFFFF_5b5a32edee1d33896fa317ea9162f84b.jpg 400w, https:\/\/chaire.kasdigit.com\/wp-content\/uploads\/2024\/05\/400x300_95_1_c_FFFFFF_5b5a32edee1d33896fa317ea9162f84b-300x225.jpg 300w\" sizes=\"(max-width: 400px) 100vw, 400px\" \/>\t\t\t\t<\/a>\n\t\t\t\t\t\t\t\n\t\t\t\t<a href=\"#\" data-mfp-src=\"https:\/\/chaire.kasdigit.com\/wp-content\/uploads\/2024\/05\/400x300_95_1_c_FFFFFF_27e54ec3ba31b2c1c147ea74316a39d2.jpg\" class=\"ha-image-grid__item ha-js-lightbox __fltr-1\">\n\t\t\t\t\t<img loading=\"lazy\" decoding=\"async\" width=\"400\" height=\"300\" src=\"https:\/\/chaire.kasdigit.com\/wp-content\/uploads\/2024\/05\/400x300_95_1_c_FFFFFF_27e54ec3ba31b2c1c147ea74316a39d2.jpg\" class=\"elementor-animation-grow\" alt=\"\" srcset=\"https:\/\/chaire.kasdigit.com\/wp-content\/uploads\/2024\/05\/400x300_95_1_c_FFFFFF_27e54ec3ba31b2c1c147ea74316a39d2.jpg 400w, https:\/\/chaire.kasdigit.com\/wp-content\/uploads\/2024\/05\/400x300_95_1_c_FFFFFF_27e54ec3ba31b2c1c147ea74316a39d2-300x225.jpg 300w\" sizes=\"(max-width: 400px) 100vw, 400px\" \/>\t\t\t\t<\/a>\n\t\t\t\t\t\t\t\n\t\t\t\t<a href=\"#\" data-mfp-src=\"https:\/\/chaire.kasdigit.com\/wp-content\/uploads\/2024\/05\/400x300_95_1_c_FFFFFF_57ffbf965800ccc84aa9b5ba4e83ff75.jpg\" class=\"ha-image-grid__item ha-js-lightbox __fltr-1\">\n\t\t\t\t\t<img loading=\"lazy\" decoding=\"async\" width=\"400\" height=\"300\" src=\"https:\/\/chaire.kasdigit.com\/wp-content\/uploads\/2024\/05\/400x300_95_1_c_FFFFFF_57ffbf965800ccc84aa9b5ba4e83ff75.jpg\" class=\"elementor-animation-grow\" alt=\"\" srcset=\"https:\/\/chaire.kasdigit.com\/wp-content\/uploads\/2024\/05\/400x300_95_1_c_FFFFFF_57ffbf965800ccc84aa9b5ba4e83ff75.jpg 400w, https:\/\/chaire.kasdigit.com\/wp-content\/uploads\/2024\/05\/400x300_95_1_c_FFFFFF_57ffbf965800ccc84aa9b5ba4e83ff75-300x225.jpg 300w\" sizes=\"(max-width: 400px) 100vw, 400px\" \/>\t\t\t\t<\/a>\n\t\t\t\t\t\t\t\n\t\t\t\t<a href=\"#\" data-mfp-src=\"https:\/\/chaire.kasdigit.com\/wp-content\/uploads\/2024\/05\/400x300_95_1_c_FFFFFF_831ca432ba6ce7cf5726dd026153a2d1.jpg\" class=\"ha-image-grid__item ha-js-lightbox __fltr-1\">\n\t\t\t\t\t<img loading=\"lazy\" decoding=\"async\" width=\"400\" height=\"300\" src=\"https:\/\/chaire.kasdigit.com\/wp-content\/uploads\/2024\/05\/400x300_95_1_c_FFFFFF_831ca432ba6ce7cf5726dd026153a2d1.jpg\" class=\"elementor-animation-grow\" alt=\"\" srcset=\"https:\/\/chaire.kasdigit.com\/wp-content\/uploads\/2024\/05\/400x300_95_1_c_FFFFFF_831ca432ba6ce7cf5726dd026153a2d1.jpg 400w, https:\/\/chaire.kasdigit.com\/wp-content\/uploads\/2024\/05\/400x300_95_1_c_FFFFFF_831ca432ba6ce7cf5726dd026153a2d1-300x225.jpg 300w\" sizes=\"(max-width: 400px) 100vw, 400px\" \/>\t\t\t\t<\/a>\n\t\t\t\t\t\t\t\n\t\t\t\t<a href=\"#\" data-mfp-src=\"https:\/\/chaire.kasdigit.com\/wp-content\/uploads\/2024\/05\/400x300_95_1_c_FFFFFF_0492415f2af50f7cd33cd73fd975b0ba.jpg\" class=\"ha-image-grid__item ha-js-lightbox __fltr-1\">\n\t\t\t\t\t<img loading=\"lazy\" decoding=\"async\" width=\"400\" height=\"300\" src=\"https:\/\/chaire.kasdigit.com\/wp-content\/uploads\/2024\/05\/400x300_95_1_c_FFFFFF_0492415f2af50f7cd33cd73fd975b0ba.jpg\" class=\"elementor-animation-grow\" alt=\"\" srcset=\"https:\/\/chaire.kasdigit.com\/wp-content\/uploads\/2024\/05\/400x300_95_1_c_FFFFFF_0492415f2af50f7cd33cd73fd975b0ba.jpg 400w, https:\/\/chaire.kasdigit.com\/wp-content\/uploads\/2024\/05\/400x300_95_1_c_FFFFFF_0492415f2af50f7cd33cd73fd975b0ba-300x225.jpg 300w\" sizes=\"(max-width: 400px) 100vw, 400px\" \/>\t\t\t\t<\/a>\n\t\t\t\t\t\t\t\n\t\t\t\t<a href=\"#\" data-mfp-src=\"https:\/\/chaire.kasdigit.com\/wp-content\/uploads\/2024\/05\/400x300_95_1_c_FFFFFF_07441d01076fc8fdb85c9545f93371cf.jpg\" class=\"ha-image-grid__item ha-js-lightbox __fltr-1\">\n\t\t\t\t\t<img loading=\"lazy\" decoding=\"async\" width=\"400\" height=\"300\" src=\"https:\/\/chaire.kasdigit.com\/wp-content\/uploads\/2024\/05\/400x300_95_1_c_FFFFFF_07441d01076fc8fdb85c9545f93371cf.jpg\" class=\"elementor-animation-grow\" alt=\"\" srcset=\"https:\/\/chaire.kasdigit.com\/wp-content\/uploads\/2024\/05\/400x300_95_1_c_FFFFFF_07441d01076fc8fdb85c9545f93371cf.jpg 400w, https:\/\/chaire.kasdigit.com\/wp-content\/uploads\/2024\/05\/400x300_95_1_c_FFFFFF_07441d01076fc8fdb85c9545f93371cf-300x225.jpg 300w\" sizes=\"(max-width: 400px) 100vw, 400px\" \/>\t\t\t\t<\/a>\n\t\t\t\t\t\t\t\n\t\t\t\t<a href=\"#\" data-mfp-src=\"https:\/\/chaire.kasdigit.com\/wp-content\/uploads\/2024\/05\/400x300_95_1_c_FFFFFF_480420ea00e82f2dc75a443ef068e647.jpg\" class=\"ha-image-grid__item ha-js-lightbox __fltr-1\">\n\t\t\t\t\t<img loading=\"lazy\" decoding=\"async\" width=\"400\" height=\"300\" src=\"https:\/\/chaire.kasdigit.com\/wp-content\/uploads\/2024\/05\/400x300_95_1_c_FFFFFF_480420ea00e82f2dc75a443ef068e647.jpg\" class=\"elementor-animation-grow\" alt=\"\" srcset=\"https:\/\/chaire.kasdigit.com\/wp-content\/uploads\/2024\/05\/400x300_95_1_c_FFFFFF_480420ea00e82f2dc75a443ef068e647.jpg 400w, https:\/\/chaire.kasdigit.com\/wp-content\/uploads\/2024\/05\/400x300_95_1_c_FFFFFF_480420ea00e82f2dc75a443ef068e647-300x225.jpg 300w\" sizes=\"(max-width: 400px) 100vw, 400px\" \/>\t\t\t\t<\/a>\n\t\t\t\t\t\t\t\n\t\t\t\t<a href=\"#\" data-mfp-src=\"https:\/\/chaire.kasdigit.com\/wp-content\/uploads\/2024\/05\/400x300_95_1_c_FFFFFF_7379778679c4e0612cc8a1fac5e37d46.jpg\" class=\"ha-image-grid__item ha-js-lightbox __fltr-1\">\n\t\t\t\t\t<img loading=\"lazy\" decoding=\"async\" width=\"400\" height=\"300\" src=\"https:\/\/chaire.kasdigit.com\/wp-content\/uploads\/2024\/05\/400x300_95_1_c_FFFFFF_7379778679c4e0612cc8a1fac5e37d46.jpg\" class=\"elementor-animation-grow\" alt=\"\" srcset=\"https:\/\/chaire.kasdigit.com\/wp-content\/uploads\/2024\/05\/400x300_95_1_c_FFFFFF_7379778679c4e0612cc8a1fac5e37d46.jpg 400w, https:\/\/chaire.kasdigit.com\/wp-content\/uploads\/2024\/05\/400x300_95_1_c_FFFFFF_7379778679c4e0612cc8a1fac5e37d46-300x225.jpg 300w\" sizes=\"(max-width: 400px) 100vw, 400px\" \/>\t\t\t\t<\/a>\n\t\t\t\t\t\t\t\n\t\t\t\t<a href=\"#\" data-mfp-src=\"https:\/\/chaire.kasdigit.com\/wp-content\/uploads\/2024\/05\/400x300_95_1_c_FFFFFF_5eb204fde7041ed6224b1f2c938d34ba.jpg\" class=\"ha-image-grid__item ha-js-lightbox __fltr-1\">\n\t\t\t\t\t<img loading=\"lazy\" decoding=\"async\" width=\"400\" height=\"300\" src=\"https:\/\/chaire.kasdigit.com\/wp-content\/uploads\/2024\/05\/400x300_95_1_c_FFFFFF_5eb204fde7041ed6224b1f2c938d34ba.jpg\" class=\"elementor-animation-grow\" alt=\"\" srcset=\"https:\/\/chaire.kasdigit.com\/wp-content\/uploads\/2024\/05\/400x300_95_1_c_FFFFFF_5eb204fde7041ed6224b1f2c938d34ba.jpg 400w, https:\/\/chaire.kasdigit.com\/wp-content\/uploads\/2024\/05\/400x300_95_1_c_FFFFFF_5eb204fde7041ed6224b1f2c938d34ba-300x225.jpg 300w\" sizes=\"(max-width: 400px) 100vw, 400px\" \/>\t\t\t\t<\/a>\n\t\t\t\t\t\t\t\n\t\t\t\t<a href=\"#\" data-mfp-src=\"https:\/\/chaire.kasdigit.com\/wp-content\/uploads\/2024\/05\/400x300_95_1_c_FFFFFF_23cb38293fe17cf6f81a210335d4f58a.jpg\" class=\"ha-image-grid__item ha-js-lightbox __fltr-1\">\n\t\t\t\t\t<img loading=\"lazy\" decoding=\"async\" width=\"400\" height=\"300\" src=\"https:\/\/chaire.kasdigit.com\/wp-content\/uploads\/2024\/05\/400x300_95_1_c_FFFFFF_23cb38293fe17cf6f81a210335d4f58a.jpg\" class=\"elementor-animation-grow\" alt=\"\" srcset=\"https:\/\/chaire.kasdigit.com\/wp-content\/uploads\/2024\/05\/400x300_95_1_c_FFFFFF_23cb38293fe17cf6f81a210335d4f58a.jpg 400w, https:\/\/chaire.kasdigit.com\/wp-content\/uploads\/2024\/05\/400x300_95_1_c_FFFFFF_23cb38293fe17cf6f81a210335d4f58a-300x225.jpg 300w\" sizes=\"(max-width: 400px) 100vw, 400px\" \/>\t\t\t\t<\/a>\n\t\t\t\t\t\t\t\n\t\t\t\t<a href=\"#\" data-mfp-src=\"https:\/\/chaire.kasdigit.com\/wp-content\/uploads\/2024\/05\/400x300_95_1_c_FFFFFF_73a00456b503dafc2309cb17ed290b59.jpg\" class=\"ha-image-grid__item ha-js-lightbox __fltr-1\">\n\t\t\t\t\t<img loading=\"lazy\" decoding=\"async\" width=\"400\" height=\"300\" src=\"https:\/\/chaire.kasdigit.com\/wp-content\/uploads\/2024\/05\/400x300_95_1_c_FFFFFF_73a00456b503dafc2309cb17ed290b59.jpg\" class=\"elementor-animation-grow\" alt=\"\" srcset=\"https:\/\/chaire.kasdigit.com\/wp-content\/uploads\/2024\/05\/400x300_95_1_c_FFFFFF_73a00456b503dafc2309cb17ed290b59.jpg 400w, https:\/\/chaire.kasdigit.com\/wp-content\/uploads\/2024\/05\/400x300_95_1_c_FFFFFF_73a00456b503dafc2309cb17ed290b59-300x225.jpg 300w\" sizes=\"(max-width: 400px) 100vw, 400px\" \/>\t\t\t\t<\/a>\n\t\t\t\t\t\t\t\n\t\t\t\t<a href=\"#\" data-mfp-src=\"https:\/\/chaire.kasdigit.com\/wp-content\/uploads\/2024\/05\/400x300_95_1_c_FFFFFF_b31cbb24a816ddc5e5eaa9294c02a6e4.jpg\" class=\"ha-image-grid__item ha-js-lightbox __fltr-1\">\n\t\t\t\t\t<img loading=\"lazy\" decoding=\"async\" width=\"400\" height=\"300\" src=\"https:\/\/chaire.kasdigit.com\/wp-content\/uploads\/2024\/05\/400x300_95_1_c_FFFFFF_b31cbb24a816ddc5e5eaa9294c02a6e4.jpg\" class=\"elementor-animation-grow\" alt=\"\" srcset=\"https:\/\/chaire.kasdigit.com\/wp-content\/uploads\/2024\/05\/400x300_95_1_c_FFFFFF_b31cbb24a816ddc5e5eaa9294c02a6e4.jpg 400w, https:\/\/chaire.kasdigit.com\/wp-content\/uploads\/2024\/05\/400x300_95_1_c_FFFFFF_b31cbb24a816ddc5e5eaa9294c02a6e4-300x225.jpg 300w\" sizes=\"(max-width: 400px) 100vw, 400px\" \/>\t\t\t\t<\/a>\n\t\t\t\t\t\t\t\n\t\t\t\t<a href=\"#\" data-mfp-src=\"https:\/\/chaire.kasdigit.com\/wp-content\/uploads\/2024\/05\/400x300_95_1_c_FFFFFF_5e19d1781868c6be84b876b20c4034c4.jpg\" class=\"ha-image-grid__item ha-js-lightbox __fltr-2\">\n\t\t\t\t\t<img loading=\"lazy\" decoding=\"async\" width=\"400\" height=\"300\" src=\"https:\/\/chaire.kasdigit.com\/wp-content\/uploads\/2024\/05\/400x300_95_1_c_FFFFFF_5e19d1781868c6be84b876b20c4034c4.jpg\" class=\"elementor-animation-grow\" alt=\"\" srcset=\"https:\/\/chaire.kasdigit.com\/wp-content\/uploads\/2024\/05\/400x300_95_1_c_FFFFFF_5e19d1781868c6be84b876b20c4034c4.jpg 400w, https:\/\/chaire.kasdigit.com\/wp-content\/uploads\/2024\/05\/400x300_95_1_c_FFFFFF_5e19d1781868c6be84b876b20c4034c4-300x225.jpg 300w\" sizes=\"(max-width: 400px) 100vw, 400px\" \/>\t\t\t\t<\/a>\n\t\t\t\t\t\t\t\n\t\t\t\t<a href=\"#\" data-mfp-src=\"https:\/\/chaire.kasdigit.com\/wp-content\/uploads\/2024\/05\/400x300_95_1_c_FFFFFF_6b15cdeff13c4948634db7c674961700.jpg\" class=\"ha-image-grid__item ha-js-lightbox __fltr-2\">\n\t\t\t\t\t<img loading=\"lazy\" decoding=\"async\" width=\"400\" height=\"300\" src=\"https:\/\/chaire.kasdigit.com\/wp-content\/uploads\/2024\/05\/400x300_95_1_c_FFFFFF_6b15cdeff13c4948634db7c674961700.jpg\" class=\"elementor-animation-grow\" alt=\"\" srcset=\"https:\/\/chaire.kasdigit.com\/wp-content\/uploads\/2024\/05\/400x300_95_1_c_FFFFFF_6b15cdeff13c4948634db7c674961700.jpg 400w, https:\/\/chaire.kasdigit.com\/wp-content\/uploads\/2024\/05\/400x300_95_1_c_FFFFFF_6b15cdeff13c4948634db7c674961700-300x225.jpg 300w\" sizes=\"(max-width: 400px) 100vw, 400px\" \/>\t\t\t\t<\/a>\n\t\t\t\t\t\t\t\n\t\t\t\t<a href=\"#\" data-mfp-src=\"https:\/\/chaire.kasdigit.com\/wp-content\/uploads\/2024\/05\/400x300_95_1_c_FFFFFF_25fcbe510b4242c3e69681ffa74f8b05.jpg\" class=\"ha-image-grid__item ha-js-lightbox __fltr-2\">\n\t\t\t\t\t<img loading=\"lazy\" decoding=\"async\" width=\"400\" height=\"300\" src=\"https:\/\/chaire.kasdigit.com\/wp-content\/uploads\/2024\/05\/400x300_95_1_c_FFFFFF_25fcbe510b4242c3e69681ffa74f8b05.jpg\" class=\"elementor-animation-grow\" alt=\"\" srcset=\"https:\/\/chaire.kasdigit.com\/wp-content\/uploads\/2024\/05\/400x300_95_1_c_FFFFFF_25fcbe510b4242c3e69681ffa74f8b05.jpg 400w, https:\/\/chaire.kasdigit.com\/wp-content\/uploads\/2024\/05\/400x300_95_1_c_FFFFFF_25fcbe510b4242c3e69681ffa74f8b05-300x225.jpg 300w\" sizes=\"(max-width: 400px) 100vw, 400px\" \/>\t\t\t\t<\/a>\n\t\t\t\t\t\t\t\n\t\t\t\t<a href=\"#\" data-mfp-src=\"https:\/\/chaire.kasdigit.com\/wp-content\/uploads\/2024\/05\/400x300_95_1_c_FFFFFF_27e54ec3ba31b2c1c147ea74316a39d2-1.jpg\" class=\"ha-image-grid__item ha-js-lightbox __fltr-2\">\n\t\t\t\t\t<img loading=\"lazy\" decoding=\"async\" width=\"400\" height=\"300\" src=\"https:\/\/chaire.kasdigit.com\/wp-content\/uploads\/2024\/05\/400x300_95_1_c_FFFFFF_27e54ec3ba31b2c1c147ea74316a39d2-1.jpg\" class=\"elementor-animation-grow\" alt=\"\" srcset=\"https:\/\/chaire.kasdigit.com\/wp-content\/uploads\/2024\/05\/400x300_95_1_c_FFFFFF_27e54ec3ba31b2c1c147ea74316a39d2-1.jpg 400w, https:\/\/chaire.kasdigit.com\/wp-content\/uploads\/2024\/05\/400x300_95_1_c_FFFFFF_27e54ec3ba31b2c1c147ea74316a39d2-1-300x225.jpg 300w\" sizes=\"(max-width: 400px) 100vw, 400px\" \/>\t\t\t\t<\/a>\n\t\t\t\t\t\t\t\n\t\t\t\t<a href=\"#\" data-mfp-src=\"https:\/\/chaire.kasdigit.com\/wp-content\/uploads\/2024\/05\/400x300_95_1_c_FFFFFF_742491c1e65cefeebf3c8f4d86f550ba.jpg\" class=\"ha-image-grid__item ha-js-lightbox __fltr-3\">\n\t\t\t\t\t<img loading=\"lazy\" decoding=\"async\" width=\"400\" height=\"300\" src=\"https:\/\/chaire.kasdigit.com\/wp-content\/uploads\/2024\/05\/400x300_95_1_c_FFFFFF_742491c1e65cefeebf3c8f4d86f550ba.jpg\" class=\"elementor-animation-grow\" alt=\"\" srcset=\"https:\/\/chaire.kasdigit.com\/wp-content\/uploads\/2024\/05\/400x300_95_1_c_FFFFFF_742491c1e65cefeebf3c8f4d86f550ba.jpg 400w, https:\/\/chaire.kasdigit.com\/wp-content\/uploads\/2024\/05\/400x300_95_1_c_FFFFFF_742491c1e65cefeebf3c8f4d86f550ba-300x225.jpg 300w\" sizes=\"(max-width: 400px) 100vw, 400px\" \/>\t\t\t\t<\/a>\n\t\t\t\t\t<\/div>\n\n\t\t\t\t\t\t<\/div>\n\t\t\t\t<\/div>\n\t\t\t\t\t<\/div>\n\t\t<\/div>\n\t\t\t\t\t<\/div>\n\t\t<\/section>\n\t\t\t\t<\/div>\n\t\t","protected":false},"excerpt":{"rendered":"<p>Galerie multim\u00e9dia Retrouvez ici toutes les images, vid\u00e9os et autres \u00e9l\u00e9ments m\u00e9dias issus des activit\u00e9s de la Chaire UNESCO All Images Galeries Audios<\/p>\n","protected":false},"author":1,"featured_media":0,"parent":0,"menu_order":0,"comment_status":"closed","ping_status":"closed","template":"","meta":{"_eb_attr":"","site-sidebar-layout":"no-sidebar","site-content-layout":"","ast-site-content-layout":"full-width-container","site-content-style":"default","site-sidebar-style":"default","ast-global-header-display":"","ast-banner-title-visibility":"","ast-main-header-display":"","ast-hfb-above-header-display":"","ast-hfb-below-header-display":"","ast-hfb-mobile-header-display":"","site-post-title":"disabled","ast-breadcrumbs-content":"","ast-featured-img":"disabled","footer-sml-layout":"","theme-transparent-header-meta":"","adv-header-id-meta":"","stick-header-meta":"","header-above-stick-meta":"","header-main-stick-meta":"","header-below-stick-meta":"","astra-migrate-meta-layouts":"default","ast-page-background-enabled":"default","ast-page-background-meta":{"desktop":{"background-color":"var(--ast-global-color-4)","background-image":"","background-repeat":"repeat","background-position":"center center","background-size":"auto","background-attachment":"scroll","background-type":"","background-media":"","overlay-type":"","overlay-color":"","overlay-opacity":"","overlay-gradient":""},"tablet":{"background-color":"","background-image":"","background-repeat":"repeat","background-position":"center center","background-size":"auto","background-attachment":"scroll","background-type":"","background-media":"","overlay-type":"","overlay-color":"","overlay-opacity":"","overlay-gradient":""},"mobile":{"background-color":"","background-image":"","background-repeat":"repeat","background-position":"center center","background-size":"auto","background-attachment":"scroll","background-type":"","background-media":"","overlay-type":"","overlay-color":"","overlay-opacity":"","overlay-gradient":""}},"ast-content-background-meta":{"desktop":{"background-color":"var(--ast-global-color-5)","background-image":"","background-repeat":"repeat","background-position":"center center","background-size":"auto","background-attachment":"scroll","background-type":"","background-media":"","overlay-type":"","overlay-color":"","overlay-opacity":"","overlay-gradient":""},"tablet":{"background-color":"var(--ast-global-color-5)","background-image":"","background-repeat":"repeat","background-position":"center center","background-size":"auto","background-attachment":"scroll","background-type":"","background-media":"","overlay-type":"","overlay-color":"","overlay-opacity":"","overlay-gradient":""},"mobile":{"background-color":"var(--ast-global-color-5)","background-image":"","background-repeat":"repeat","background-position":"center center","background-size":"auto","background-attachment":"scroll","background-type":"","background-media":"","overlay-type":"","overlay-color":"","overlay-opacity":"","overlay-gradient":""}},"footnotes":""},"class_list":["post-339","page","type-page","status-publish","hentry"],"_links":{"self":[{"href":"https:\/\/chaire.kasdigit.com\/index.php\/wp-json\/wp\/v2\/pages\/339","targetHints":{"allow":["GET"]}}],"collection":[{"href":"https:\/\/chaire.kasdigit.com\/index.php\/wp-json\/wp\/v2\/pages"}],"about":[{"href":"https:\/\/chaire.kasdigit.com\/index.php\/wp-json\/wp\/v2\/types\/page"}],"author":[{"embeddable":true,"href":"https:\/\/chaire.kasdigit.com\/index.php\/wp-json\/wp\/v2\/users\/1"}],"replies":[{"embeddable":true,"href":"https:\/\/chaire.kasdigit.com\/index.php\/wp-json\/wp\/v2\/comments?post=339"}],"version-history":[{"count":46,"href":"https:\/\/chaire.kasdigit.com\/index.php\/wp-json\/wp\/v2\/pages\/339\/revisions"}],"predecessor-version":[{"id":1269,"href":"https:\/\/chaire.kasdigit.com\/index.php\/wp-json\/wp\/v2\/pages\/339\/revisions\/1269"}],"wp:attachment":[{"href":"https:\/\/chaire.kasdigit.com\/index.php\/wp-json\/wp\/v2\/media?parent=339"}],"curies":[{"name":"wp","href":"https:\/\/api.w.org\/{rel}","templated":true}]}}