{"id":394,"date":"2024-05-07T17:41:43","date_gmt":"2024-05-07T15:41:43","guid":{"rendered":"http:\/\/localhost\/Chaire%20UNESCO%20DPHD\/?page_id=394"},"modified":"2024-06-14T15:02:40","modified_gmt":"2024-06-14T13:02:40","slug":"nos-offres-de-formation","status":"publish","type":"page","link":"https:\/\/chaire.kasdigit.com\/index.php\/nos-offres-de-formation\/","title":{"rendered":"Nos Offres de formation"},"content":{"rendered":"\t\t<div data-elementor-type=\"wp-page\" data-elementor-id=\"394\" class=\"elementor elementor-394\" data-elementor-settings=\"{&quot;ha_cmc_init_switcher&quot;:&quot;no&quot;}\" data-elementor-post-type=\"page\">\n\t\t\t\t<div class=\"elementor-element elementor-element-289b774 e-con-full e-flex wpr-particle-no wpr-jarallax-no wpr-parallax-no wpr-sticky-section-no e-con e-parent\" data-id=\"289b774\" data-element_type=\"container\" data-settings=\"{&quot;background_background&quot;:&quot;slideshow&quot;,&quot;background_slideshow_gallery&quot;:[{&quot;id&quot;:814,&quot;url&quot;:&quot;http:\\\/\\\/localhost\\\/Chaire%20UNESCO%20DPHD\\\/wp-content\\\/uploads\\\/2024\\\/05\\\/bg-1.png&quot;}],&quot;background_slideshow_loop&quot;:&quot;yes&quot;,&quot;background_slideshow_slide_duration&quot;:5000,&quot;background_slideshow_slide_transition&quot;:&quot;fade&quot;,&quot;background_slideshow_transition_duration&quot;:500,&quot;_ha_eqh_enable&quot;:false}\">\n\t\t<div class=\"elementor-element elementor-element-00dfce0 e-flex e-con-boxed wpr-particle-no wpr-jarallax-no wpr-parallax-no wpr-sticky-section-no e-con e-child\" data-id=\"00dfce0\" data-element_type=\"container\" data-settings=\"{&quot;background_background&quot;:&quot;classic&quot;,&quot;_ha_eqh_enable&quot;:false}\">\n\t\t\t\t\t<div class=\"e-con-inner\">\n\t\t\t\t<div class=\"elementor-element elementor-element-378afbe elementor-widget elementor-widget-heading\" data-id=\"378afbe\" data-element_type=\"widget\" data-widget_type=\"heading.default\">\n\t\t\t\t<div class=\"elementor-widget-container\">\n\t\t\t\t\t<h1 class=\"elementor-heading-title elementor-size-default\">Nos offres de formation<\/h1>\t\t\t\t<\/div>\n\t\t\t\t<\/div>\n\t\t\t\t\t<\/div>\n\t\t\t\t<\/div>\n\t\t\t\t<\/div>\n\t\t\t\t<section class=\"elementor-section elementor-top-section elementor-element elementor-element-6c2b1f83 elementor-section-boxed elementor-section-height-default elementor-section-height-default wpr-particle-no wpr-jarallax-no wpr-parallax-no wpr-sticky-section-no\" data-id=\"6c2b1f83\" data-element_type=\"section\" data-settings=\"{&quot;_ha_eqh_enable&quot;:false}\">\n\t\t\t\t\t\t<div class=\"elementor-container elementor-column-gap-default\">\n\t\t\t\t\t<div class=\"elementor-column elementor-col-100 elementor-top-column elementor-element elementor-element-1dcd44ef\" data-id=\"1dcd44ef\" data-element_type=\"column\">\n\t\t\t<div class=\"elementor-widget-wrap elementor-element-populated\">\n\t\t\t\t\t\t<div class=\"elementor-element elementor-element-33601c77 elementor-widget elementor-widget-elementskit-heading\" data-id=\"33601c77\" data-element_type=\"widget\" data-widget_type=\"elementskit-heading.default\">\n\t\t\t\t<div class=\"elementor-widget-container\">\n\t\t\t\t\t<div class=\"ekit-wid-con\" ><div class=\"ekit-heading elementskit-section-title-wraper center   ekit_heading_tablet-   ekit_heading_mobile-\"><div class=\"ekit-heading--title elementskit-section-title \"> A la Chaire UNESCO DPHD, les \u00e9tudiants sont appel\u00e9s des auditeurs. Ils forment pour l\u2019ensemble un groupe de jeunes gens et de jeunes filles issus de diverses formations en sciences sociales. Certains, bien que d\u00e9j\u00e0 dans la vie active, s\u2019inscrivent pour suivre des formations sp\u00e9cifiques. Envie de nous rejoindre pour une formation de qualit\u00e9 ? Merci de parcourir les formations propos\u00e9es.<\/div><div class=\"ekit_heading_separetor_wraper ekit_heading_elementskit-border-divider\"><div class=\"elementskit-border-divider\"><\/div><\/div><\/div><\/div>\t\t\t\t<\/div>\n\t\t\t\t<\/div>\n\t\t\t\t<section class=\"elementor-section elementor-inner-section elementor-element elementor-element-5ced6331 elementor-section-boxed elementor-section-height-default elementor-section-height-default wpr-particle-no wpr-jarallax-no wpr-parallax-no wpr-sticky-section-no\" data-id=\"5ced6331\" data-element_type=\"section\" data-settings=\"{&quot;_ha_eqh_enable&quot;:false}\">\n\t\t\t\t\t\t<div class=\"elementor-container elementor-column-gap-default\">\n\t\t\t\t\t<div class=\"elementor-column elementor-col-50 elementor-inner-column elementor-element elementor-element-5c985f37\" data-id=\"5c985f37\" data-element_type=\"column\">\n\t\t\t<div class=\"elementor-widget-wrap elementor-element-populated\">\n\t\t\t\t\t\t<div class=\"elementor-element elementor-element-b300939 ekit-equal-height-disable elementor-widget elementor-widget-elementskit-image-box\" data-id=\"b300939\" data-element_type=\"widget\" data-widget_type=\"elementskit-image-box.default\">\n\t\t\t\t<div class=\"elementor-widget-container\">\n\t\t\t\t\t<div class=\"ekit-wid-con\" >\n            <div class=\"elementskit-info-image-box ekit-image-box text-center hover_from_center hover-border-bottom\" >\n\n                \n                <div class=\"elementskit-box-header image-box-img-center\">\n\n                    <img fetchpriority=\"high\" decoding=\"async\" width=\"2560\" height=\"1707\" src=\"https:\/\/chaire.kasdigit.com\/wp-content\/uploads\/2024\/05\/IMG_7229b-scaled-1-1.jpg\" class=\"attachment-full size-full wp-image-807\" alt=\"\" srcset=\"https:\/\/chaire.kasdigit.com\/wp-content\/uploads\/2024\/05\/IMG_7229b-scaled-1-1.jpg 2560w, https:\/\/chaire.kasdigit.com\/wp-content\/uploads\/2024\/05\/IMG_7229b-scaled-1-1-300x200.jpg 300w, https:\/\/chaire.kasdigit.com\/wp-content\/uploads\/2024\/05\/IMG_7229b-scaled-1-1-1024x683.jpg 1024w, https:\/\/chaire.kasdigit.com\/wp-content\/uploads\/2024\/05\/IMG_7229b-scaled-1-1-768x512.jpg 768w, https:\/\/chaire.kasdigit.com\/wp-content\/uploads\/2024\/05\/IMG_7229b-scaled-1-1-1536x1024.jpg 1536w, https:\/\/chaire.kasdigit.com\/wp-content\/uploads\/2024\/05\/IMG_7229b-scaled-1-1-2048x1366.jpg 2048w\" sizes=\"(max-width: 2560px) 100vw, 2560px\" \/>\n                <\/div>\n                \n                <div class=\"elementskit-box-body ekit-image-box-body\">\n                    <div class=\"elementskit-box-content ekit-image-box-body-inner\">\n                                                <h3 class=\"elementskit-info-box-title\">\n\n                        Master Recherche (DEA) \"DROIT DE LA PERSONNE ET DE LA DEMOCRATIE\"\n                        \n                    <\/h3>\n                                                        <\/div>\n\n                                <div class=\"elementskit-box-footer\">\n                    <div class=\"box-footer\">\n                        <div class=\"btn-wraper\">\n                                                            <a href=\"https:\/\/chaire.kasdigit.com\/wp-content\/uploads\/2024\/06\/CHAIRE-AFFICHE-MASTER-DEA-DPD.pdf\" class=\"elementskit-btn whitespace--normal\">\n                                    Read More\n                                    <i aria-hidden=\"true\" class=\"icon icon-right-arrow2\"><\/i>\n                                <\/a>\n                                                        <\/div>\n                    <\/div>\n                <\/div>\n                            <\/div>\n            <\/div>\n    <\/div>\t\t\t\t<\/div>\n\t\t\t\t<\/div>\n\t\t\t\t\t<\/div>\n\t\t<\/div>\n\t\t\t\t<div class=\"elementor-column elementor-col-50 elementor-inner-column elementor-element elementor-element-7e66a2f\" data-id=\"7e66a2f\" data-element_type=\"column\">\n\t\t\t<div class=\"elementor-widget-wrap elementor-element-populated\">\n\t\t\t\t\t\t<div class=\"elementor-element elementor-element-cdbd0b4 ekit-equal-height-disable elementor-widget elementor-widget-elementskit-image-box\" data-id=\"cdbd0b4\" data-element_type=\"widget\" data-widget_type=\"elementskit-image-box.default\">\n\t\t\t\t<div class=\"elementor-widget-container\">\n\t\t\t\t\t<div class=\"ekit-wid-con\" >\n            <div class=\"elementskit-info-image-box ekit-image-box text-center hover_from_center hover-border-bottom\" >\n\n                \n                <div class=\"elementskit-box-header image-box-img-center\">\n\n                    <img decoding=\"async\" width=\"2560\" height=\"1707\" src=\"https:\/\/chaire.kasdigit.com\/wp-content\/uploads\/2024\/05\/IMG_7310-scaled-1-1.jpg\" class=\"attachment-full size-full wp-image-810\" alt=\"\" srcset=\"https:\/\/chaire.kasdigit.com\/wp-content\/uploads\/2024\/05\/IMG_7310-scaled-1-1.jpg 2560w, https:\/\/chaire.kasdigit.com\/wp-content\/uploads\/2024\/05\/IMG_7310-scaled-1-1-300x200.jpg 300w, https:\/\/chaire.kasdigit.com\/wp-content\/uploads\/2024\/05\/IMG_7310-scaled-1-1-1024x683.jpg 1024w, https:\/\/chaire.kasdigit.com\/wp-content\/uploads\/2024\/05\/IMG_7310-scaled-1-1-768x512.jpg 768w, https:\/\/chaire.kasdigit.com\/wp-content\/uploads\/2024\/05\/IMG_7310-scaled-1-1-1536x1024.jpg 1536w, https:\/\/chaire.kasdigit.com\/wp-content\/uploads\/2024\/05\/IMG_7310-scaled-1-1-2048x1366.jpg 2048w\" sizes=\"(max-width: 2560px) 100vw, 2560px\" \/>\n                <\/div>\n                \n                <div class=\"elementskit-box-body ekit-image-box-body\">\n                    <div class=\"elementskit-box-content ekit-image-box-body-inner\">\n                                                <h3 class=\"elementskit-info-box-title\">\n\n                        Master Recherche (DEA) \"GESTION DES CONFLITS ET INTERCULTURALITE\"\n                        \n                    <\/h3>\n                                                        <\/div>\n\n                                <div class=\"elementskit-box-footer\">\n                    <div class=\"box-footer\">\n                        <div class=\"btn-wraper\">\n                                                            <a href=\"https:\/\/chaire.kasdigit.com\/wp-content\/uploads\/2024\/06\/CHAIRE-AFFICHE-MASTER-I-RDPD-1.pdf\" class=\"elementskit-btn whitespace--normal\">\n                                    Read More\n                                    <i aria-hidden=\"true\" class=\"icon icon-right-arrow2\"><\/i>\n                                <\/a>\n                                                        <\/div>\n                    <\/div>\n                <\/div>\n                            <\/div>\n            <\/div>\n    <\/div>\t\t\t\t<\/div>\n\t\t\t\t<\/div>\n\t\t\t\t\t<\/div>\n\t\t<\/div>\n\t\t\t\t\t<\/div>\n\t\t<\/section>\n\t\t\t\t<section class=\"elementor-section elementor-inner-section elementor-element elementor-element-261111a elementor-section-boxed elementor-section-height-default elementor-section-height-default wpr-particle-no wpr-jarallax-no wpr-parallax-no wpr-sticky-section-no\" data-id=\"261111a\" data-element_type=\"section\" data-settings=\"{&quot;_ha_eqh_enable&quot;:false}\">\n\t\t\t\t\t\t<div class=\"elementor-container elementor-column-gap-default\">\n\t\t\t\t\t<div class=\"elementor-column elementor-col-50 elementor-inner-column elementor-element elementor-element-530ce71\" data-id=\"530ce71\" data-element_type=\"column\">\n\t\t\t<div class=\"elementor-widget-wrap elementor-element-populated\">\n\t\t\t\t\t\t<div class=\"elementor-element elementor-element-a07b2ba ekit-equal-height-disable elementor-widget elementor-widget-elementskit-image-box\" data-id=\"a07b2ba\" data-element_type=\"widget\" data-widget_type=\"elementskit-image-box.default\">\n\t\t\t\t<div class=\"elementor-widget-container\">\n\t\t\t\t\t<div class=\"ekit-wid-con\" >\n            <div class=\"elementskit-info-image-box ekit-image-box text-center hover_from_center hover-border-bottom\" >\n\n                \n                <div class=\"elementskit-box-header image-box-img-center\">\n\n                    <img decoding=\"async\" width=\"2560\" height=\"1707\" src=\"https:\/\/chaire.kasdigit.com\/wp-content\/uploads\/2024\/05\/IMG_7239-scaled-1.jpg\" class=\"attachment-full size-full wp-image-724\" alt=\"\" srcset=\"https:\/\/chaire.kasdigit.com\/wp-content\/uploads\/2024\/05\/IMG_7239-scaled-1.jpg 2560w, https:\/\/chaire.kasdigit.com\/wp-content\/uploads\/2024\/05\/IMG_7239-scaled-1-300x200.jpg 300w, https:\/\/chaire.kasdigit.com\/wp-content\/uploads\/2024\/05\/IMG_7239-scaled-1-1024x683.jpg 1024w, https:\/\/chaire.kasdigit.com\/wp-content\/uploads\/2024\/05\/IMG_7239-scaled-1-768x512.jpg 768w, https:\/\/chaire.kasdigit.com\/wp-content\/uploads\/2024\/05\/IMG_7239-scaled-1-1536x1024.jpg 1536w, https:\/\/chaire.kasdigit.com\/wp-content\/uploads\/2024\/05\/IMG_7239-scaled-1-2048x1366.jpg 2048w\" sizes=\"(max-width: 2560px) 100vw, 2560px\" \/>\n                <\/div>\n                \n                <div class=\"elementskit-box-body ekit-image-box-body\">\n                    <div class=\"elementskit-box-content ekit-image-box-body-inner\">\n                                                <h3 class=\"elementskit-info-box-title\">\n\n                        Master Professionnel (DESS) \"POLITIQUE PUBLIQUES, GOUVERNANCES ET DEMOCRATIE\"\n                        \n                    <\/h3>\n                                                        <\/div>\n\n                                <div class=\"elementskit-box-footer\">\n                    <div class=\"box-footer\">\n                        <div class=\"btn-wraper\">\n                                                            <a href=\"https:\/\/chaire.kasdigit.com\/wp-content\/uploads\/2024\/06\/CHAIRE-AFFICHE-MASTER-DESS-PPGD.pdf\" class=\"elementskit-btn whitespace--normal\">\n                                    Read More\n                                    <i aria-hidden=\"true\" class=\"icon icon-right-arrow2\"><\/i>\n                                <\/a>\n                                                        <\/div>\n                    <\/div>\n                <\/div>\n                            <\/div>\n            <\/div>\n    <\/div>\t\t\t\t<\/div>\n\t\t\t\t<\/div>\n\t\t\t\t\t<\/div>\n\t\t<\/div>\n\t\t\t\t<div class=\"elementor-column elementor-col-50 elementor-inner-column elementor-element elementor-element-bc3d389\" data-id=\"bc3d389\" data-element_type=\"column\">\n\t\t\t<div class=\"elementor-widget-wrap elementor-element-populated\">\n\t\t\t\t\t\t<div class=\"elementor-element elementor-element-1d305e0 ekit-equal-height-disable elementor-widget elementor-widget-elementskit-image-box\" data-id=\"1d305e0\" data-element_type=\"widget\" data-widget_type=\"elementskit-image-box.default\">\n\t\t\t\t<div class=\"elementor-widget-container\">\n\t\t\t\t\t<div class=\"ekit-wid-con\" >\n            <div class=\"elementskit-info-image-box ekit-image-box text-center hover_from_center hover-border-bottom\" >\n\n                \n                <div class=\"elementskit-box-header image-box-img-center\">\n\n                    <img loading=\"lazy\" decoding=\"async\" width=\"2560\" height=\"1707\" src=\"https:\/\/chaire.kasdigit.com\/wp-content\/uploads\/2024\/05\/IMG_7222-scaled-2.jpg\" class=\"attachment-full size-full wp-image-808\" alt=\"\" srcset=\"https:\/\/chaire.kasdigit.com\/wp-content\/uploads\/2024\/05\/IMG_7222-scaled-2.jpg 2560w, https:\/\/chaire.kasdigit.com\/wp-content\/uploads\/2024\/05\/IMG_7222-scaled-2-300x200.jpg 300w, https:\/\/chaire.kasdigit.com\/wp-content\/uploads\/2024\/05\/IMG_7222-scaled-2-1024x683.jpg 1024w, https:\/\/chaire.kasdigit.com\/wp-content\/uploads\/2024\/05\/IMG_7222-scaled-2-768x512.jpg 768w, https:\/\/chaire.kasdigit.com\/wp-content\/uploads\/2024\/05\/IMG_7222-scaled-2-1536x1024.jpg 1536w, https:\/\/chaire.kasdigit.com\/wp-content\/uploads\/2024\/05\/IMG_7222-scaled-2-2048x1366.jpg 2048w\" sizes=\"(max-width: 2560px) 100vw, 2560px\" \/>\n                <\/div>\n                \n                <div class=\"elementskit-box-body ekit-image-box-body\">\n                    <div class=\"elementskit-box-content ekit-image-box-body-inner\">\n                                                <h3 class=\"elementskit-info-box-title\">\n\n                        Master Professionnel (DESS) \"MANAGEMENT DES ELECTIONS\"\n                        \n                    <\/h3>\n                                                        <\/div>\n\n                                <div class=\"elementskit-box-footer\">\n                    <div class=\"box-footer\">\n                        <div class=\"btn-wraper\">\n                                                            <a href=\"https:\/\/chaire.kasdigit.com\/wp-content\/uploads\/2024\/06\/CHAIRE-AFFICHE-MASTER-DESS-ME.pdf\" class=\"elementskit-btn whitespace--normal\">\n                                    Read More\n                                    <i aria-hidden=\"true\" class=\"icon icon-right-arrow2\"><\/i>\n                                <\/a>\n                                                        <\/div>\n                    <\/div>\n                <\/div>\n                            <\/div>\n            <\/div>\n    <\/div>\t\t\t\t<\/div>\n\t\t\t\t<\/div>\n\t\t\t\t\t<\/div>\n\t\t<\/div>\n\t\t\t\t\t<\/div>\n\t\t<\/section>\n\t\t\t\t\t<\/div>\n\t\t<\/div>\n\t\t\t\t\t<\/div>\n\t\t<\/section>\n\t\t\t\t<\/div>\n\t\t","protected":false},"excerpt":{"rendered":"<p>Nos offres de formation A la Chaire UNESCO DPHD, les \u00e9tudiants sont appel\u00e9s des auditeurs. Ils forment pour l\u2019ensemble un groupe de jeunes gens et de jeunes filles issus de diverses formations en sciences sociales. Certains, bien que d\u00e9j\u00e0 dans la vie active, s\u2019inscrivent pour suivre des formations sp\u00e9cifiques. Envie de nous rejoindre pour une formation de qualit\u00e9 ? Merci de parcourir les formations propos\u00e9es. Master Recherche (DEA) &#8220;DROIT DE LA PERSONNE ET DE LA DEMOCRATIE&#8221; Read More Master Recherche (DEA) &#8220;GESTION DES CONFLITS ET INTERCULTURALITE&#8221; Read More Master Professionnel (DESS) &#8220;POLITIQUE PUBLIQUES, GOUVERNANCES ET DEMOCRATIE&#8221; Read More Master Professionnel (DESS) &#8220;MANAGEMENT DES ELECTIONS&#8221; Read More<\/p>\n","protected":false},"author":1,"featured_media":0,"parent":0,"menu_order":0,"comment_status":"closed","ping_status":"closed","template":"","meta":{"_eb_attr":"","site-sidebar-layout":"no-sidebar","site-content-layout":"","ast-site-content-layout":"full-width-container","site-content-style":"default","site-sidebar-style":"default","ast-global-header-display":"","ast-banner-title-visibility":"","ast-main-header-display":"","ast-hfb-above-header-display":"","ast-hfb-below-header-display":"","ast-hfb-mobile-header-display":"","site-post-title":"disabled","ast-breadcrumbs-content":"","ast-featured-img":"disabled","footer-sml-layout":"","theme-transparent-header-meta":"","adv-header-id-meta":"","stick-header-meta":"","header-above-stick-meta":"","header-main-stick-meta":"","header-below-stick-meta":"","astra-migrate-meta-layouts":"default","ast-page-background-enabled":"default","ast-page-background-meta":{"desktop":{"background-color":"var(--ast-global-color-4)","background-image":"","background-repeat":"repeat","background-position":"center center","background-size":"auto","background-attachment":"scroll","background-type":"","background-media":"","overlay-type":"","overlay-color":"","overlay-opacity":"","overlay-gradient":""},"tablet":{"background-color":"","background-image":"","background-repeat":"repeat","background-position":"center center","background-size":"auto","background-attachment":"scroll","background-type":"","background-media":"","overlay-type":"","overlay-color":"","overlay-opacity":"","overlay-gradient":""},"mobile":{"background-color":"","background-image":"","background-repeat":"repeat","background-position":"center center","background-size":"auto","background-attachment":"scroll","background-type":"","background-media":"","overlay-type":"","overlay-color":"","overlay-opacity":"","overlay-gradient":""}},"ast-content-background-meta":{"desktop":{"background-color":"var(--ast-global-color-5)","background-image":"","background-repeat":"repeat","background-position":"center center","background-size":"auto","background-attachment":"scroll","background-type":"","background-media":"","overlay-type":"","overlay-color":"","overlay-opacity":"","overlay-gradient":""},"tablet":{"background-color":"var(--ast-global-color-5)","background-image":"","background-repeat":"repeat","background-position":"center center","background-size":"auto","background-attachment":"scroll","background-type":"","background-media":"","overlay-type":"","overlay-color":"","overlay-opacity":"","overlay-gradient":""},"mobile":{"background-color":"var(--ast-global-color-5)","background-image":"","background-repeat":"repeat","background-position":"center center","background-size":"auto","background-attachment":"scroll","background-type":"","background-media":"","overlay-type":"","overlay-color":"","overlay-opacity":"","overlay-gradient":""}},"footnotes":""},"class_list":["post-394","page","type-page","status-publish","hentry"],"_links":{"self":[{"href":"https:\/\/chaire.kasdigit.com\/index.php\/wp-json\/wp\/v2\/pages\/394","targetHints":{"allow":["GET"]}}],"collection":[{"href":"https:\/\/chaire.kasdigit.com\/index.php\/wp-json\/wp\/v2\/pages"}],"about":[{"href":"https:\/\/chaire.kasdigit.com\/index.php\/wp-json\/wp\/v2\/types\/page"}],"author":[{"embeddable":true,"href":"https:\/\/chaire.kasdigit.com\/index.php\/wp-json\/wp\/v2\/users\/1"}],"replies":[{"embeddable":true,"href":"https:\/\/chaire.kasdigit.com\/index.php\/wp-json\/wp\/v2\/comments?post=394"}],"version-history":[{"count":64,"href":"https:\/\/chaire.kasdigit.com\/index.php\/wp-json\/wp\/v2\/pages\/394\/revisions"}],"predecessor-version":[{"id":1517,"href":"https:\/\/chaire.kasdigit.com\/index.php\/wp-json\/wp\/v2\/pages\/394\/revisions\/1517"}],"wp:attachment":[{"href":"https:\/\/chaire.kasdigit.com\/index.php\/wp-json\/wp\/v2\/media?parent=394"}],"curies":[{"name":"wp","href":"https:\/\/api.w.org\/{rel}","templated":true}]}}