{"id":434,"date":"2024-05-08T13:57:46","date_gmt":"2024-05-08T11:57:46","guid":{"rendered":"http:\/\/localhost\/Chaire%20UNESCO%20DPHD\/?page_id=434"},"modified":"2024-06-14T16:42:48","modified_gmt":"2024-06-14T14:42:48","slug":"bourses","status":"publish","type":"page","link":"https:\/\/chaire.kasdigit.com\/index.php\/bourses\/","title":{"rendered":"Bourses"},"content":{"rendered":"\t\t<div data-elementor-type=\"wp-page\" data-elementor-id=\"434\" class=\"elementor elementor-434\" data-elementor-settings=\"{&quot;ha_cmc_init_switcher&quot;:&quot;no&quot;}\" data-elementor-post-type=\"page\">\n\t\t\t\t<div class=\"elementor-element elementor-element-81d134c e-con-full e-flex wpr-particle-no wpr-jarallax-no wpr-parallax-no wpr-sticky-section-no e-con e-parent\" data-id=\"81d134c\" data-element_type=\"container\" data-settings=\"{&quot;background_background&quot;:&quot;slideshow&quot;,&quot;background_slideshow_gallery&quot;:[{&quot;id&quot;:814,&quot;url&quot;:&quot;http:\\\/\\\/localhost\\\/Chaire%20UNESCO%20DPHD\\\/wp-content\\\/uploads\\\/2024\\\/05\\\/bg-1.png&quot;}],&quot;background_slideshow_loop&quot;:&quot;yes&quot;,&quot;background_slideshow_slide_duration&quot;:5000,&quot;background_slideshow_slide_transition&quot;:&quot;fade&quot;,&quot;background_slideshow_transition_duration&quot;:500,&quot;_ha_eqh_enable&quot;:false}\">\n\t\t<div class=\"elementor-element elementor-element-7ef61e9 e-flex e-con-boxed wpr-particle-no wpr-jarallax-no wpr-parallax-no wpr-sticky-section-no e-con e-child\" data-id=\"7ef61e9\" data-element_type=\"container\" data-settings=\"{&quot;background_background&quot;:&quot;classic&quot;,&quot;_ha_eqh_enable&quot;:false}\">\n\t\t\t\t\t<div class=\"e-con-inner\">\n\t\t\t\t<div class=\"elementor-element elementor-element-a2ed1fb elementor-widget elementor-widget-heading\" data-id=\"a2ed1fb\" data-element_type=\"widget\" data-widget_type=\"heading.default\">\n\t\t\t\t<div class=\"elementor-widget-container\">\n\t\t\t\t\t<h1 class=\"elementor-heading-title elementor-size-default\">Bourses<\/h1>\t\t\t\t<\/div>\n\t\t\t\t<\/div>\n\t\t\t\t\t<\/div>\n\t\t\t\t<\/div>\n\t\t\t\t<\/div>\n\t\t<div class=\"elementor-element elementor-element-c0003a4 e-flex e-con-boxed wpr-particle-no wpr-jarallax-no wpr-parallax-no wpr-sticky-section-no e-con e-parent\" data-id=\"c0003a4\" data-element_type=\"container\" data-settings=\"{&quot;_ha_eqh_enable&quot;:false}\">\n\t\t\t\t\t<div class=\"e-con-inner\">\n\t\t\t\t<div class=\"elementor-element elementor-element-9e78ca5 elementor-invisible elementor-widget elementor-widget-text-editor\" data-id=\"9e78ca5\" data-element_type=\"widget\" data-settings=\"{&quot;_animation&quot;:&quot;bounce&quot;}\" data-widget_type=\"text-editor.default\">\n\t\t\t\t<div class=\"elementor-widget-container\">\n\t\t\t\t\t\t\t\t\t<p><strong>NOS BOURSES<\/strong><\/p><p>\u00a0<\/p><p><strong>Les bourses FKA<\/strong><\/p><p style=\"text-align: left;\">Pour promouvoir l\u2019excellence et soutenir la recherche en Droits humains, la Fondation Konrad Adenauer (FKA) met chaque ann\u00e9e \u00e0 la disposition de la Chaire UNESCO des droits de la Personne Humaine et de la D\u00e9mocratie (Chaire UNESCO DPHD) des ressources financi\u00e8res qui permettent d\u2019octroyer des bourses (une trentaine environ) de formation (frais d\u2019inscription y compris ceux li\u00e9s \u00e0 la soutenance dans les d\u00e9lais prescrits par le r\u00e8glement p\u00e9dagogique), en Master Recherche \u2018\u2018Droits de la personne et d\u00e9mocratie\u2019\u2019, d\u2019une part, aux<br \/>auditeurs m\u00e9ritants des Semestres 1 &amp; 2 de ce master et d\u00e9sireux de poursuivre la formation, et d\u2019autre part, aux candidats les plus m\u00e9ritants s\u00e9lectionn\u00e9s apr\u00e8s le (s) test (s) organis\u00e9 (s) par la Chaire UNESCO DPHD. Voir les conditions pour candidater\u2026<\/p><p><br \/><strong>Les bourses HCR<\/strong><\/p><p style=\"text-align: left;\">Dans l\u2019optique de la promotion de l\u2019excellence, de l\u2019accompagnement social aux jeunes tr\u00e8s m\u00e9ritants mais financi\u00e8rement peu nantis, et du soutien \u00e0 la recherche en Droit de l\u2019Homme et apatridie, le Haut Commissariat des Nations Unies pour les R\u00e9fugi\u00e9s et Apatrides (UNHCR) met chaque ann\u00e9e \u00e0 la disposition de la Chaire UNESCO des Droits de la Personne Humaine et de la D\u00e9mocratie (Chaire UNESCO DPHD) des ressources financi\u00e8res qui permettent d\u2019octroyer, apr\u00e8s un test organis\u00e9 par la Chaire UNESCO DPHD, deux (02) bourses de<br \/>formation (frais d\u2019inscription y compris ceux li\u00e9s \u00e0 la soutenance dans les d\u00e9lais prescrits par le r\u00e8glement p\u00e9dagogique et une allocation financi\u00e8re annuelle de recherche), en Master Recherche \u2018\u2018Droits de la personne et d\u00e9mocratie\u2019\u2019, aux candidats les plus m\u00e9ritants parmi ceux retenus pour la bourse FKA. Voir les conditions pour candidater\u2026<\/p>\t\t\t\t\t\t\t\t<\/div>\n\t\t\t\t<\/div>\n\t\t\t\t\t<\/div>\n\t\t\t\t<\/div>\n\t\t\t\t<section class=\"elementor-section elementor-top-section elementor-element elementor-element-7892120b elementor-section-boxed elementor-section-height-default elementor-section-height-default wpr-particle-no wpr-jarallax-no wpr-parallax-no wpr-sticky-section-no\" data-id=\"7892120b\" data-element_type=\"section\" data-settings=\"{&quot;_ha_eqh_enable&quot;:false}\">\n\t\t\t\t\t\t<div class=\"elementor-container elementor-column-gap-default\">\n\t\t\t\t\t<div class=\"elementor-column elementor-col-100 elementor-top-column elementor-element elementor-element-6549d70a\" data-id=\"6549d70a\" data-element_type=\"column\">\n\t\t\t<div class=\"elementor-widget-wrap elementor-element-populated\">\n\t\t\t\t\t\t<div class=\"elementor-element elementor-element-fd17558 elementor-align-center elementor-invisible elementor-widget elementor-widget-button\" data-id=\"fd17558\" data-element_type=\"widget\" data-settings=\"{&quot;_animation&quot;:&quot;zoomIn&quot;}\" data-widget_type=\"button.default\">\n\t\t\t\t<div class=\"elementor-widget-container\">\n\t\t\t\t\t\t\t\t\t<div class=\"elementor-button-wrapper\">\n\t\t\t\t\t<a class=\"elementor-button elementor-button-link elementor-size-sm\" href=\"https:\/\/chaire.kasdigit.com\/wp-content\/uploads\/2024\/05\/NOS-BOURSES.pdf\">\n\t\t\t\t\t\t<span class=\"elementor-button-content-wrapper\">\n\t\t\t\t\t\t\t\t\t<span class=\"elementor-button-text\">Voir le document<\/span>\n\t\t\t\t\t<\/span>\n\t\t\t\t\t<\/a>\n\t\t\t\t<\/div>\n\t\t\t\t\t\t\t\t<\/div>\n\t\t\t\t<\/div>\n\t\t\t\t\t<\/div>\n\t\t<\/div>\n\t\t\t\t\t<\/div>\n\t\t<\/section>\n\t\t\t\t<\/div>\n\t\t","protected":false},"excerpt":{"rendered":"<p>Bourses NOS BOURSES \u00a0 Les bourses FKA Pour promouvoir l\u2019excellence et soutenir la recherche en Droits humains, la Fondation Konrad Adenauer (FKA) met chaque ann\u00e9e \u00e0 la disposition de la Chaire UNESCO des droits de la Personne Humaine et de la D\u00e9mocratie (Chaire UNESCO DPHD) des ressources financi\u00e8res qui permettent d\u2019octroyer des bourses (une trentaine environ) de formation (frais d\u2019inscription y compris ceux li\u00e9s \u00e0 la soutenance dans les d\u00e9lais prescrits par le r\u00e8glement p\u00e9dagogique), en Master Recherche \u2018\u2018Droits de la personne et d\u00e9mocratie\u2019\u2019, d\u2019une part, auxauditeurs m\u00e9ritants des Semestres 1 &amp; 2 de ce master et d\u00e9sireux de poursuivre la formation, et d\u2019autre part, aux candidats les plus m\u00e9ritants s\u00e9lectionn\u00e9s apr\u00e8s le (s) test (s) organis\u00e9 (s) par la Chaire UNESCO DPHD. Voir les conditions pour candidater\u2026 Les bourses HCR Dans l\u2019optique de la promotion de l\u2019excellence, de l\u2019accompagnement social aux jeunes tr\u00e8s m\u00e9ritants mais financi\u00e8rement peu nantis, et du soutien \u00e0 la recherche en Droit de l\u2019Homme et apatridie, le Haut Commissariat des Nations Unies pour les R\u00e9fugi\u00e9s et Apatrides (UNHCR) met chaque ann\u00e9e \u00e0 la disposition de la Chaire UNESCO des Droits de la Personne Humaine et de la D\u00e9mocratie (Chaire UNESCO DPHD) des ressources financi\u00e8res qui permettent d\u2019octroyer, apr\u00e8s un test organis\u00e9 par la Chaire UNESCO DPHD, deux (02) bourses deformation (frais d\u2019inscription y compris ceux li\u00e9s \u00e0 la soutenance dans les d\u00e9lais prescrits par le r\u00e8glement p\u00e9dagogique et une allocation financi\u00e8re annuelle de recherche), en Master Recherche \u2018\u2018Droits de la personne et d\u00e9mocratie\u2019\u2019, aux candidats les plus m\u00e9ritants parmi ceux retenus pour la bourse FKA. Voir les conditions pour candidater\u2026 Voir le document<\/p>\n","protected":false},"author":1,"featured_media":0,"parent":0,"menu_order":0,"comment_status":"closed","ping_status":"closed","template":"","meta":{"_eb_attr":"","site-sidebar-layout":"no-sidebar","site-content-layout":"","ast-site-content-layout":"full-width-container","site-content-style":"default","site-sidebar-style":"default","ast-global-header-display":"","ast-banner-title-visibility":"","ast-main-header-display":"","ast-hfb-above-header-display":"","ast-hfb-below-header-display":"","ast-hfb-mobile-header-display":"","site-post-title":"disabled","ast-breadcrumbs-content":"","ast-featured-img":"disabled","footer-sml-layout":"","theme-transparent-header-meta":"","adv-header-id-meta":"","stick-header-meta":"","header-above-stick-meta":"","header-main-stick-meta":"","header-below-stick-meta":"","astra-migrate-meta-layouts":"default","ast-page-background-enabled":"default","ast-page-background-meta":{"desktop":{"background-color":"var(--ast-global-color-4)","background-image":"","background-repeat":"repeat","background-position":"center center","background-size":"auto","background-attachment":"scroll","background-type":"","background-media":"","overlay-type":"","overlay-color":"","overlay-opacity":"","overlay-gradient":""},"tablet":{"background-color":"","background-image":"","background-repeat":"repeat","background-position":"center center","background-size":"auto","background-attachment":"scroll","background-type":"","background-media":"","overlay-type":"","overlay-color":"","overlay-opacity":"","overlay-gradient":""},"mobile":{"background-color":"","background-image":"","background-repeat":"repeat","background-position":"center center","background-size":"auto","background-attachment":"scroll","background-type":"","background-media":"","overlay-type":"","overlay-color":"","overlay-opacity":"","overlay-gradient":""}},"ast-content-background-meta":{"desktop":{"background-color":"var(--ast-global-color-5)","background-image":"","background-repeat":"repeat","background-position":"center center","background-size":"auto","background-attachment":"scroll","background-type":"","background-media":"","overlay-type":"","overlay-color":"","overlay-opacity":"","overlay-gradient":""},"tablet":{"background-color":"var(--ast-global-color-5)","background-image":"","background-repeat":"repeat","background-position":"center center","background-size":"auto","background-attachment":"scroll","background-type":"","background-media":"","overlay-type":"","overlay-color":"","overlay-opacity":"","overlay-gradient":""},"mobile":{"background-color":"var(--ast-global-color-5)","background-image":"","background-repeat":"repeat","background-position":"center center","background-size":"auto","background-attachment":"scroll","background-type":"","background-media":"","overlay-type":"","overlay-color":"","overlay-opacity":"","overlay-gradient":""}},"footnotes":""},"class_list":["post-434","page","type-page","status-publish","hentry"],"_links":{"self":[{"href":"https:\/\/chaire.kasdigit.com\/index.php\/wp-json\/wp\/v2\/pages\/434","targetHints":{"allow":["GET"]}}],"collection":[{"href":"https:\/\/chaire.kasdigit.com\/index.php\/wp-json\/wp\/v2\/pages"}],"about":[{"href":"https:\/\/chaire.kasdigit.com\/index.php\/wp-json\/wp\/v2\/types\/page"}],"author":[{"embeddable":true,"href":"https:\/\/chaire.kasdigit.com\/index.php\/wp-json\/wp\/v2\/users\/1"}],"replies":[{"embeddable":true,"href":"https:\/\/chaire.kasdigit.com\/index.php\/wp-json\/wp\/v2\/comments?post=434"}],"version-history":[{"count":37,"href":"https:\/\/chaire.kasdigit.com\/index.php\/wp-json\/wp\/v2\/pages\/434\/revisions"}],"predecessor-version":[{"id":1549,"href":"https:\/\/chaire.kasdigit.com\/index.php\/wp-json\/wp\/v2\/pages\/434\/revisions\/1549"}],"wp:attachment":[{"href":"https:\/\/chaire.kasdigit.com\/index.php\/wp-json\/wp\/v2\/media?parent=434"}],"curies":[{"name":"wp","href":"https:\/\/api.w.org\/{rel}","templated":true}]}}